{"id":2187,"date":"2021-12-06T15:34:23","date_gmt":"2021-12-06T15:34:23","guid":{"rendered":"http:\/\/spk-gleisbau.ch.proculus.sui-inter.net\/telechargements\/"},"modified":"2026-01-07T06:45:02","modified_gmt":"2026-01-07T06:45:02","slug":"telechargements","status":"publish","type":"page","link":"https:\/\/spk-gleisbau.ch\/fr\/telechargements\/","title":{"rendered":"T\u00e9l\u00e9chargements"},"content":{"rendered":"\t\t<div data-elementor-type=\"wp-page\" data-elementor-id=\"2187\" class=\"elementor elementor-2187 elementor-29\" data-elementor-post-type=\"page\">\n\t\t\t\t<div class=\"elementor-element elementor-element-d6e07ef e-flex e-con-boxed e-con e-parent\" data-id=\"d6e07ef\" data-element_type=\"container\" data-e-type=\"container\">\n\t\t\t\t\t<div class=\"e-con-inner\">\n\t\t<div class=\"elementor-element elementor-element-a614f69 e-con-full e-flex e-con e-child\" data-id=\"a614f69\" data-element_type=\"container\" data-e-type=\"container\">\n\t\t\t\t<div class=\"elementor-element elementor-element-b42fa38 elementor-widget elementor-widget-heading\" data-id=\"b42fa38\" data-element_type=\"widget\" data-e-type=\"widget\" data-widget_type=\"heading.default\">\n\t\t\t\t<div class=\"elementor-widget-container\">\n\t\t\t\t\t<h1 class=\"elementor-heading-title elementor-size-default\">T\u00e9l\u00e9chargements<\/h1>\t\t\t\t<\/div>\n\t\t\t\t<\/div>\n\t\t\t\t<div class=\"elementor-element elementor-element-15809e0 elementor-widget elementor-widget-heading\" data-id=\"15809e0\" data-element_type=\"widget\" data-e-type=\"widget\" data-widget_type=\"heading.default\">\n\t\t\t\t<div class=\"elementor-widget-container\">\n\t\t\t\t\t<h4 class=\"elementor-heading-title elementor-size-default\">La Commission paritaire suisse de la construction de voies ferr\u00e9es (CPS construction de voies ferr\u00e9es) met \u00e0 disposition les principaux documents concernant l'organisation et l'interpr\u00e9tation de la convention collective de travail pour la construction de voies ferr\u00e9es (CCT voies ferr\u00e9es). <\/h4>\t\t\t\t<\/div>\n\t\t\t\t<\/div>\n\t\t\t\t<\/div>\n\t\t\t\t\t<\/div>\n\t\t\t\t<\/div>\n\t\t<div class=\"elementor-element elementor-element-feec943 elementor-hidden-desktop elementor-hidden-tablet elementor-hidden-mobile e-flex e-con-boxed e-con e-parent\" data-id=\"feec943\" data-element_type=\"container\" data-e-type=\"container\">\n\t\t\t\t\t<div class=\"e-con-inner\">\n\t\t<div class=\"elementor-element elementor-element-f6d9f07 e-con-full e-flex e-con e-child\" data-id=\"f6d9f07\" data-element_type=\"container\" data-e-type=\"container\">\n\t\t\t\t<div class=\"elementor-element elementor-element-81f4f91 elementor-widget elementor-widget-menu-anchor\" data-id=\"81f4f91\" data-element_type=\"widget\" data-e-type=\"widget\" data-widget_type=\"menu-anchor.default\">\n\t\t\t\t<div class=\"elementor-widget-container\">\n\t\t\t\t\t\t\t<div class=\"elementor-menu-anchor\" id=\"bibliotheque\"><\/div>\n\t\t\t\t\t\t<\/div>\n\t\t\t\t<\/div>\n\t\t\t\t<div class=\"elementor-element elementor-element-f33ae90 elementor-widget elementor-widget-heading\" data-id=\"f33ae90\" data-element_type=\"widget\" data-e-type=\"widget\" data-widget_type=\"heading.default\">\n\t\t\t\t<div class=\"elementor-widget-container\">\n\t\t\t\t\t<h2 class=\"elementor-heading-title elementor-size-default\">Biblioth\u00e8que<\/h2>\t\t\t\t<\/div>\n\t\t\t\t<\/div>\n\t\t\t\t<div class=\"elementor-element elementor-element-1878a6d elementor-widget elementor-widget-heading\" data-id=\"1878a6d\" data-element_type=\"widget\" data-e-type=\"widget\" data-widget_type=\"heading.default\">\n\t\t\t\t<div class=\"elementor-widget-container\">\n\t\t\t\t\t<p class=\"elementor-heading-title elementor-size-default\">La CPS construction de voies ferr\u00e9es met \u00e0 la disposition des personnes int\u00e9ress\u00e9es une biblioth\u00e8que dans laquelle sont publi\u00e9es les d\u00e9cisions directrices de la commission de la CPS construction de voies ferr\u00e9es. Cette biblioth\u00e8que comprend notamment des pr\u00e9cisions sur la CCT et sur son application en g\u00e9n\u00e9ral. <\/p>\t\t\t\t<\/div>\n\t\t\t\t<\/div>\n\t\t\t\t<div class=\"elementor-element elementor-element-d33e647 elementor-widget elementor-widget-button\" data-id=\"d33e647\" data-element_type=\"widget\" data-e-type=\"widget\" data-widget_type=\"button.default\">\n\t\t\t\t<div class=\"elementor-widget-container\">\n\t\t\t\t\t\t\t\t\t<div class=\"elementor-button-wrapper\">\n\t\t\t\t\t<a class=\"elementor-button elementor-button-link elementor-size-sm\" href=\"https:\/\/spk.reportingtool.ch\">\n\t\t\t\t\t\t<span class=\"elementor-button-content-wrapper\">\n\t\t\t\t\t\t<span class=\"elementor-button-icon\">\n\t\t\t\t<i aria-hidden=\"true\" class=\"fas fa-chevron-right\"><\/i>\t\t\t<\/span>\n\t\t\t\t\t\t\t\t\t<span class=\"elementor-button-text\">Biblioth\u00e8que<\/span>\n\t\t\t\t\t<\/span>\n\t\t\t\t\t<\/a>\n\t\t\t\t<\/div>\n\t\t\t\t\t\t\t\t<\/div>\n\t\t\t\t<\/div>\n\t\t\t\t<\/div>\n\t\t\t\t\t<\/div>\n\t\t\t\t<\/div>\n\t\t<div class=\"elementor-element elementor-element-1bd1354 e-flex e-con-boxed e-con e-parent\" data-id=\"1bd1354\" data-element_type=\"container\" data-e-type=\"container\">\n\t\t\t\t\t<div class=\"e-con-inner\">\n\t\t\t\t<div class=\"elementor-element elementor-element-f276bbe elementor-widget__width-initial elementor-widget elementor-widget-n-accordion\" data-id=\"f276bbe\" data-element_type=\"widget\" data-e-type=\"widget\" data-settings=\"{&quot;max_items_expended&quot;:&quot;multiple&quot;,&quot;default_state&quot;:&quot;all_collapsed&quot;,&quot;n_accordion_animation_duration&quot;:{&quot;unit&quot;:&quot;ms&quot;,&quot;size&quot;:400,&quot;sizes&quot;:[]}}\" data-widget_type=\"nested-accordion.default\">\n\t\t\t\t<div class=\"elementor-widget-container\">\n\t\t\t\t\t\t\t<div class=\"e-n-accordion\" aria-label=\"Accordion. Open links with Enter or Space, close with Escape, and navigate with Arrow Keys\">\n\t\t\t\t\t\t<details id=\"e-n-accordion-item-2540\" class=\"e-n-accordion-item\" >\n\t\t\t\t<summary class=\"e-n-accordion-item-title\" data-accordion-index=\"1\" tabindex=\"0\" aria-expanded=\"false\" aria-controls=\"e-n-accordion-item-2540\" >\n\t\t\t\t\t<span class='e-n-accordion-item-title-header'><h2 class=\"e-n-accordion-item-title-text\"> CCT, y compris annexes et conventions compl\u00e9mentaires <\/h2><\/span>\n\t\t\t\t\t\t\t<span class='e-n-accordion-item-title-icon'>\n\t\t\t<span class='e-opened' ><i aria-hidden=\"true\" class=\"fas fa-caret-up\"><\/i><\/span>\n\t\t\t<span class='e-closed'><i aria-hidden=\"true\" class=\"fas fa-caret-right\"><\/i><\/span>\n\t\t<\/span>\n\n\t\t\t\t\t\t<\/summary>\n\t\t\t\t<div role=\"region\" aria-labelledby=\"e-n-accordion-item-2540\" class=\"elementor-element elementor-element-cce1d8a e-con-full e-flex e-con e-child\" data-id=\"cce1d8a\" data-element_type=\"container\" data-e-type=\"container\">\n\t\t\t\t<div class=\"elementor-element elementor-element-7026647 elementor-widget elementor-widget-menu-anchor\" data-id=\"7026647\" data-element_type=\"widget\" data-e-type=\"widget\" data-widget_type=\"menu-anchor.default\">\n\t\t\t\t<div class=\"elementor-widget-container\">\n\t\t\t\t\t\t\t<div class=\"elementor-menu-anchor\" id=\"cct\"><\/div>\n\t\t\t\t\t\t<\/div>\n\t\t\t\t<\/div>\n\t\t\t\t<div class=\"elementor-element elementor-element-17764bf elementor-grid-1 elementor-grid-tablet-1 elementor-grid-mobile-1 elementor-widget elementor-widget-loop-grid\" data-id=\"17764bf\" data-element_type=\"widget\" data-e-type=\"widget\" data-settings=\"{&quot;template_id&quot;:3387,&quot;columns&quot;:1,&quot;columns_tablet&quot;:1,&quot;row_gap&quot;:{&quot;unit&quot;:&quot;px&quot;,&quot;size&quot;:30,&quot;sizes&quot;:[]},&quot;_skin&quot;:&quot;post&quot;,&quot;columns_mobile&quot;:&quot;1&quot;,&quot;edit_handle_selector&quot;:&quot;[data-elementor-type=\\&quot;loop-item\\&quot;]&quot;,&quot;row_gap_tablet&quot;:{&quot;unit&quot;:&quot;px&quot;,&quot;size&quot;:&quot;&quot;,&quot;sizes&quot;:[]},&quot;row_gap_mobile&quot;:{&quot;unit&quot;:&quot;px&quot;,&quot;size&quot;:&quot;&quot;,&quot;sizes&quot;:[]}}\" data-widget_type=\"loop-grid.post\">\n\t\t\t\t<div class=\"elementor-widget-container\">\n\t\t\t\t\t\t\t<div class=\"elementor-loop-container elementor-grid\" role=\"list\">\n\t\t<style id=\"loop-3387\">.elementor-3387 .elementor-element.elementor-element-a205eb7{--display:flex;--flex-direction:row;--container-widget-width:calc( ( 1 - var( --container-widget-flex-grow ) ) * 100% );--container-widget-height:100%;--container-widget-flex-grow:1;--container-widget-align-self:stretch;--flex-wrap-mobile:wrap;--align-items:stretch;--gap:0px 0px;--row-gap:0px;--column-gap:0px;}.elementor-3387 .elementor-element.elementor-element-a15ae34 .elementor-icon-wrapper{text-align:end;}.elementor-3387 .elementor-element.elementor-element-a15ae34.elementor-view-stacked .elementor-icon{background-color:var( --e-global-color-primary );}.elementor-3387 .elementor-element.elementor-element-a15ae34.elementor-view-framed .elementor-icon, .elementor-3387 .elementor-element.elementor-element-a15ae34.elementor-view-default .elementor-icon{color:var( --e-global-color-primary );border-color:var( --e-global-color-primary );}.elementor-3387 .elementor-element.elementor-element-a15ae34.elementor-view-framed .elementor-icon, .elementor-3387 .elementor-element.elementor-element-a15ae34.elementor-view-default .elementor-icon svg{fill:var( --e-global-color-primary );}.elementor-3387 .elementor-element.elementor-element-a15ae34.elementor-view-stacked .elementor-icon:hover{background-color:var( --e-global-color-primary );}.elementor-3387 .elementor-element.elementor-element-a15ae34.elementor-view-framed .elementor-icon:hover, .elementor-3387 .elementor-element.elementor-element-a15ae34.elementor-view-default .elementor-icon:hover{color:var( --e-global-color-primary );border-color:var( --e-global-color-primary );}.elementor-3387 .elementor-element.elementor-element-a15ae34.elementor-view-framed .elementor-icon:hover, .elementor-3387 .elementor-element.elementor-element-a15ae34.elementor-view-default .elementor-icon:hover svg{fill:var( --e-global-color-primary );}.elementor-3387 .elementor-element.elementor-element-a15ae34 .elementor-icon{font-size:40px;}.elementor-3387 .elementor-element.elementor-element-a15ae34 .elementor-icon svg{height:40px;}.elementor-3387 .elementor-element.elementor-element-a15ae34{width:auto;max-width:auto;top:30px;z-index:2;}body:not(.rtl) .elementor-3387 .elementor-element.elementor-element-a15ae34{left:30px;}body.rtl .elementor-3387 .elementor-element.elementor-element-a15ae34{right:30px;}.elementor-3387 .elementor-element.elementor-element-12162a2 .elementor-cta__content{min-height:100px;text-align:start;padding:30px 30px 30px 100px;background-color:#FFFFFF;}.elementor-3387 .elementor-element.elementor-element-12162a2 .elementor-cta__title{font-size:16px;color:var( --e-global-color-text );}.elementor-3387 .elementor-element.elementor-element-12162a2 .elementor-cta__title:not(:last-child){margin-bottom:0px;}.elementor-3387 .elementor-element.elementor-element-12162a2 .elementor-cta__description{font-size:14px;font-weight:400;}.elementor-3387 .elementor-element.elementor-element-12162a2 .elementor-cta .elementor-cta__bg, .elementor-3387 .elementor-element.elementor-element-12162a2 .elementor-cta .elementor-cta__bg-overlay{transition-duration:1500ms;}.elementor-3387 .elementor-element.elementor-element-12162a2 > .elementor-widget-container{border-radius:8px 8px 8px 8px;box-shadow:0px 0px 10px 0px rgba(0, 0, 0, 0.25);}.elementor-3387 .elementor-element.elementor-element-12162a2:hover .elementor-widget-container{box-shadow:0px 0px 15px 0px rgba(0, 0, 0, 0.15);}@media(max-width:767px){body:not(.rtl) .elementor-3387 .elementor-element.elementor-element-a15ae34{left:15px;}body.rtl .elementor-3387 .elementor-element.elementor-element-a15ae34{right:15px;}.elementor-3387 .elementor-element.elementor-element-12162a2 .elementor-cta__content{padding:15px 15px 15px 70px;}}\/* Start custom CSS for container, class: .elementor-element-a205eb7 *\/.elementor-3387 .elementor-element.elementor-element-a205eb7 {\n    transition: var(--default-transition);\n}\n.elementor-3387 .elementor-element.elementor-element-a205eb7:hover {\n    transform: scale(1.1);\n}\/* End custom CSS *\/<\/style>\t\t<div data-elementor-type=\"loop-item\" data-elementor-id=\"3387\" class=\"elementor elementor-3387 e-loop-item e-loop-item-2242 post-2242 download type-download status-publish hentry downloadcategory-cct\" data-elementor-post-type=\"elementor_library\" data-custom-edit-handle=\"1\">\n\t\t\t<div role=\"region\" aria-labelledby=\"e-n-accordion-item-2540\" class=\"elementor-element elementor-element-a205eb7 e-con-full e-flex elementor-invisible e-con e-parent\" data-id=\"a205eb7\" data-element_type=\"container\" data-e-type=\"container\" data-settings=\"{&quot;animation&quot;:&quot;fadeInUp&quot;}\">\n\t\t\t\t<div class=\"elementor-element elementor-element-a15ae34 elementor-widget__width-auto elementor-absolute elementor-view-default elementor-widget elementor-widget-icon\" data-id=\"a15ae34\" data-element_type=\"widget\" data-e-type=\"widget\" data-settings=\"{&quot;_position&quot;:&quot;absolute&quot;}\" data-widget_type=\"icon.default\">\n\t\t\t\t<div class=\"elementor-widget-container\">\n\t\t\t\t\t\t\t<div class=\"elementor-icon-wrapper\">\n\t\t\t<div class=\"elementor-icon\">\n\t\t\t<svg xmlns=\"http:\/\/www.w3.org\/2000\/svg\" xmlns:xlink=\"http:\/\/www.w3.org\/1999\/xlink\" id=\"Ebene_1\" x=\"0px\" y=\"0px\" viewBox=\"0 0 31.2 43.1\" style=\"enable-background:new 0 0 31.2 43.1;\" xml:space=\"preserve\"><style type=\"text\/css\">\t.st0{fill:#073C53;}\t.st1{fill:#0071C0;}\t.st2{fill:#060400;}<\/style><path class=\"st0\" d=\"M18.3,18.7c-3.2,0-5.8-2.6-5.8-5.8V0H2.4C1.1,0,0,1.1,0,2.4v38.3c0,1.3,1.1,2.4,2.4,2.4h26.4  c1.3,0,2.4-1.1,2.4-2.4v-22H18.3z\"><\/path><path class=\"st1\" d=\"M15.9,0v12.8l0,0c0,1.3,1.1,2.4,2.4,2.4l0,0h12.9L15.9,0L15.9,0L15.9,0L15.9,0z\"><\/path><polygon class=\"st2\" points=\"15.9,0 15.9,0 15.9,0 \"><\/polygon><polygon points=\"15.9,0 15.9,0 15.9,0 15.9,0 \"><\/polygon><\/svg>\t\t\t<\/div>\n\t\t<\/div>\n\t\t\t\t\t\t<\/div>\n\t\t\t\t<\/div>\n\t\t\t\t<div class=\"elementor-element elementor-element-12162a2 elementor-cta--skin-classic elementor-animated-content elementor-widget elementor-widget-call-to-action\" data-id=\"12162a2\" data-element_type=\"widget\" data-e-type=\"widget\" data-widget_type=\"call-to-action.default\">\n\t\t\t\t<div class=\"elementor-widget-container\">\n\t\t\t\t\t\t\t<a class=\"elementor-cta\" href=\"https:\/\/web.spk-gleisbau.ch\/wp-content\/uploads\/GAV-Gleisbau-F-2019-2022.pdf\" target=\"_blank\">\n\t\t\t\t\t\t\t<div class=\"elementor-cta__content\">\n\t\t\t\t\n\t\t\t\t\t\t\t\t\t<h4 class=\"elementor-cta__title elementor-cta__content-item elementor-content-item\">\n\t\t\t\t\t\tConvention collective\t\t\t\t\t<\/h4>\n\t\t\t\t\n\t\t\t\t\t\t\t\t\t<div class=\"elementor-cta__description elementor-cta__content-item elementor-content-item\">\n\t\t\t\t\t\t637 kB\t\t\t\t\t<\/div>\n\t\t\t\t\n\t\t\t\t\t\t\t<\/div>\n\t\t\t\t\t\t<\/a>\n\t\t\t\t\t\t<\/div>\n\t\t\t\t<\/div>\n\t\t\t\t<\/div>\n\t\t\t\t<\/div>\n\t\t\t\t<\/div>\n\t\t\n\t\t\t\t\t\t<\/div>\n\t\t\t\t<\/div>\n\t\t\t\t<\/div>\n\t\t\t\t\t<\/details>\n\t\t\t\t\t\t<details id=\"e-n-accordion-item-2541\" class=\"e-n-accordion-item\" >\n\t\t\t\t<summary class=\"e-n-accordion-item-title\" data-accordion-index=\"2\" tabindex=\"-1\" aria-expanded=\"false\" aria-controls=\"e-n-accordion-item-2541\" >\n\t\t\t\t\t<span class='e-n-accordion-item-title-header'><h2 class=\"e-n-accordion-item-title-text\"> Autres documents <\/h2><\/span>\n\t\t\t\t\t\t\t<span class='e-n-accordion-item-title-icon'>\n\t\t\t<span class='e-opened' ><i aria-hidden=\"true\" class=\"fas fa-caret-up\"><\/i><\/span>\n\t\t\t<span class='e-closed'><i aria-hidden=\"true\" class=\"fas fa-caret-right\"><\/i><\/span>\n\t\t<\/span>\n\n\t\t\t\t\t\t<\/summary>\n\t\t\t\t<div role=\"region\" aria-labelledby=\"e-n-accordion-item-2541\" class=\"elementor-element elementor-element-f387dd9 e-con-full e-flex e-con e-child\" data-id=\"f387dd9\" data-element_type=\"container\" data-e-type=\"container\">\n\t\t\t\t<div class=\"elementor-element elementor-element-bd7ae90 elementor-widget elementor-widget-menu-anchor\" data-id=\"bd7ae90\" data-element_type=\"widget\" data-e-type=\"widget\" data-widget_type=\"menu-anchor.default\">\n\t\t\t\t<div class=\"elementor-widget-container\">\n\t\t\t\t\t\t\t<div class=\"elementor-menu-anchor\" id=\"autres-documents\"><\/div>\n\t\t\t\t\t\t<\/div>\n\t\t\t\t<\/div>\n\t\t\t\t<div class=\"elementor-element elementor-element-728dcad elementor-grid-1 elementor-grid-tablet-1 elementor-grid-mobile-1 elementor-widget elementor-widget-loop-grid\" data-id=\"728dcad\" data-element_type=\"widget\" data-e-type=\"widget\" data-settings=\"{&quot;template_id&quot;:3387,&quot;columns&quot;:1,&quot;columns_tablet&quot;:1,&quot;row_gap&quot;:{&quot;unit&quot;:&quot;px&quot;,&quot;size&quot;:30,&quot;sizes&quot;:[]},&quot;_skin&quot;:&quot;post&quot;,&quot;columns_mobile&quot;:&quot;1&quot;,&quot;edit_handle_selector&quot;:&quot;[data-elementor-type=\\&quot;loop-item\\&quot;]&quot;,&quot;row_gap_tablet&quot;:{&quot;unit&quot;:&quot;px&quot;,&quot;size&quot;:&quot;&quot;,&quot;sizes&quot;:[]},&quot;row_gap_mobile&quot;:{&quot;unit&quot;:&quot;px&quot;,&quot;size&quot;:&quot;&quot;,&quot;sizes&quot;:[]}}\" data-widget_type=\"loop-grid.post\">\n\t\t\t\t<div class=\"elementor-widget-container\">\n\t\t\t\t\t\t\t<div class=\"elementor-loop-container elementor-grid\" role=\"list\">\n\t\t\t\t<div data-elementor-type=\"loop-item\" data-elementor-id=\"3387\" class=\"elementor elementor-3387 e-loop-item e-loop-item-3201 post-3201 download type-download status-publish hentry downloadcategory-autres\" data-elementor-post-type=\"elementor_library\" data-custom-edit-handle=\"1\">\n\t\t\t<div role=\"region\" aria-labelledby=\"e-n-accordion-item-2540\" class=\"elementor-element elementor-element-a205eb7 e-con-full e-flex elementor-invisible e-con e-parent\" data-id=\"a205eb7\" data-element_type=\"container\" data-e-type=\"container\" data-settings=\"{&quot;animation&quot;:&quot;fadeInUp&quot;}\">\n\t\t\t\t<div class=\"elementor-element elementor-element-a15ae34 elementor-widget__width-auto elementor-absolute elementor-view-default elementor-widget elementor-widget-icon\" data-id=\"a15ae34\" data-element_type=\"widget\" data-e-type=\"widget\" data-settings=\"{&quot;_position&quot;:&quot;absolute&quot;}\" data-widget_type=\"icon.default\">\n\t\t\t\t<div class=\"elementor-widget-container\">\n\t\t\t\t\t\t\t<div class=\"elementor-icon-wrapper\">\n\t\t\t<div class=\"elementor-icon\">\n\t\t\t<svg xmlns=\"http:\/\/www.w3.org\/2000\/svg\" xmlns:xlink=\"http:\/\/www.w3.org\/1999\/xlink\" id=\"Ebene_1\" x=\"0px\" y=\"0px\" viewBox=\"0 0 31.2 43.1\" style=\"enable-background:new 0 0 31.2 43.1;\" xml:space=\"preserve\"><style type=\"text\/css\">\t.st0{fill:#073C53;}\t.st1{fill:#0071C0;}\t.st2{fill:#060400;}<\/style><path class=\"st0\" d=\"M18.3,18.7c-3.2,0-5.8-2.6-5.8-5.8V0H2.4C1.1,0,0,1.1,0,2.4v38.3c0,1.3,1.1,2.4,2.4,2.4h26.4  c1.3,0,2.4-1.1,2.4-2.4v-22H18.3z\"><\/path><path class=\"st1\" d=\"M15.9,0v12.8l0,0c0,1.3,1.1,2.4,2.4,2.4l0,0h12.9L15.9,0L15.9,0L15.9,0L15.9,0z\"><\/path><polygon class=\"st2\" points=\"15.9,0 15.9,0 15.9,0 \"><\/polygon><polygon points=\"15.9,0 15.9,0 15.9,0 15.9,0 \"><\/polygon><\/svg>\t\t\t<\/div>\n\t\t<\/div>\n\t\t\t\t\t\t<\/div>\n\t\t\t\t<\/div>\n\t\t\t\t<div class=\"elementor-element elementor-element-12162a2 elementor-cta--skin-classic elementor-animated-content elementor-widget elementor-widget-call-to-action\" data-id=\"12162a2\" data-element_type=\"widget\" data-e-type=\"widget\" data-widget_type=\"call-to-action.default\">\n\t\t\t\t<div class=\"elementor-widget-container\">\n\t\t\t\t\t\t\t<a class=\"elementor-cta\" href=\"https:\/\/spk-gleisbau.ch\/wp-content\/uploads\/BRB_12_03_2025_fr.pdf\" target=\"_blank\">\n\t\t\t\t\t\t\t<div class=\"elementor-cta__content\">\n\t\t\t\t\n\t\t\t\t\t\t\t\t\t<h4 class=\"elementor-cta__title elementor-cta__content-item elementor-content-item\">\n\t\t\t\t\t\tSalaires d\u00e8s le 01.01.2025 selon CCT voies ferr\u00e9es\t\t\t\t\t<\/h4>\n\t\t\t\t\n\t\t\t\t\t\t\t\t\t<div class=\"elementor-cta__description elementor-cta__content-item elementor-content-item\">\n\t\t\t\t\t\t316 kB\t\t\t\t\t<\/div>\n\t\t\t\t\n\t\t\t\t\t\t\t<\/div>\n\t\t\t\t\t\t<\/a>\n\t\t\t\t\t\t<\/div>\n\t\t\t\t<\/div>\n\t\t\t\t<\/div>\n\t\t\t\t<\/div>\n\t\t\t\t<div data-elementor-type=\"loop-item\" data-elementor-id=\"3387\" class=\"elementor elementor-3387 e-loop-item e-loop-item-2916 post-2916 download type-download status-publish hentry downloadcategory-autres\" data-elementor-post-type=\"elementor_library\" data-custom-edit-handle=\"1\">\n\t\t\t<div role=\"region\" aria-labelledby=\"e-n-accordion-item-2540\" class=\"elementor-element elementor-element-a205eb7 e-con-full e-flex elementor-invisible e-con e-parent\" data-id=\"a205eb7\" data-element_type=\"container\" data-e-type=\"container\" data-settings=\"{&quot;animation&quot;:&quot;fadeInUp&quot;}\">\n\t\t\t\t<div class=\"elementor-element elementor-element-a15ae34 elementor-widget__width-auto elementor-absolute elementor-view-default elementor-widget elementor-widget-icon\" data-id=\"a15ae34\" data-element_type=\"widget\" data-e-type=\"widget\" data-settings=\"{&quot;_position&quot;:&quot;absolute&quot;}\" data-widget_type=\"icon.default\">\n\t\t\t\t<div class=\"elementor-widget-container\">\n\t\t\t\t\t\t\t<div class=\"elementor-icon-wrapper\">\n\t\t\t<div class=\"elementor-icon\">\n\t\t\t<svg xmlns=\"http:\/\/www.w3.org\/2000\/svg\" xmlns:xlink=\"http:\/\/www.w3.org\/1999\/xlink\" id=\"Ebene_1\" x=\"0px\" y=\"0px\" viewBox=\"0 0 31.2 43.1\" style=\"enable-background:new 0 0 31.2 43.1;\" xml:space=\"preserve\"><style type=\"text\/css\">\t.st0{fill:#073C53;}\t.st1{fill:#0071C0;}\t.st2{fill:#060400;}<\/style><path class=\"st0\" d=\"M18.3,18.7c-3.2,0-5.8-2.6-5.8-5.8V0H2.4C1.1,0,0,1.1,0,2.4v38.3c0,1.3,1.1,2.4,2.4,2.4h26.4  c1.3,0,2.4-1.1,2.4-2.4v-22H18.3z\"><\/path><path class=\"st1\" d=\"M15.9,0v12.8l0,0c0,1.3,1.1,2.4,2.4,2.4l0,0h12.9L15.9,0L15.9,0L15.9,0L15.9,0z\"><\/path><polygon class=\"st2\" points=\"15.9,0 15.9,0 15.9,0 \"><\/polygon><polygon points=\"15.9,0 15.9,0 15.9,0 15.9,0 \"><\/polygon><\/svg>\t\t\t<\/div>\n\t\t<\/div>\n\t\t\t\t\t\t<\/div>\n\t\t\t\t<\/div>\n\t\t\t\t<div class=\"elementor-element elementor-element-12162a2 elementor-cta--skin-classic elementor-animated-content elementor-widget elementor-widget-call-to-action\" data-id=\"12162a2\" data-element_type=\"widget\" data-e-type=\"widget\" data-widget_type=\"call-to-action.default\">\n\t\t\t\t<div class=\"elementor-widget-container\">\n\t\t\t\t\t\t\t<a class=\"elementor-cta\" href=\"https:\/\/web.spk-gleisbau.ch\/wp-content\/uploads\/Basisloehne-GAV-Gleisbau-2023_F.pdf\" target=\"_blank\">\n\t\t\t\t\t\t\t<div class=\"elementor-cta__content\">\n\t\t\t\t\n\t\t\t\t\t\t\t\t\t<h4 class=\"elementor-cta__title elementor-cta__content-item elementor-content-item\">\n\t\t\t\t\t\tSalaires d\u00e8s le 01.01.2023 selon CCT voies ferr\u00e9es\t\t\t\t\t<\/h4>\n\t\t\t\t\n\t\t\t\t\t\t\t\t\t<div class=\"elementor-cta__description elementor-cta__content-item elementor-content-item\">\n\t\t\t\t\t\t82 kB\t\t\t\t\t<\/div>\n\t\t\t\t\n\t\t\t\t\t\t\t<\/div>\n\t\t\t\t\t\t<\/a>\n\t\t\t\t\t\t<\/div>\n\t\t\t\t<\/div>\n\t\t\t\t<\/div>\n\t\t\t\t<\/div>\n\t\t\t\t<\/div>\n\t\t\n\t\t\t\t\t\t<\/div>\n\t\t\t\t<\/div>\n\t\t\t\t<\/div>\n\t\t\t\t\t<\/details>\n\t\t\t\t\t<\/div>\n\t\t\t\t\t\t<\/div>\n\t\t\t\t<\/div>\n\t\t\t\t\t<\/div>\n\t\t\t\t<\/div>\n\t\t\t\t<\/div>\n\t\t","protected":false},"excerpt":{"rendered":"<p>T\u00e9l\u00e9chargements La Commission paritaire suisse de la construction de voies ferr\u00e9es (CPS construction de voies ferr\u00e9es) met \u00e0 disposition les principaux documents concernant l&rsquo;organisation et l&rsquo;interpr\u00e9tation de la convention collective de travail pour la construction de voies ferr\u00e9es (CCT voies ferr\u00e9es). Biblioth\u00e8que La CPS construction de voies ferr\u00e9es met \u00e0 la disposition des personnes int\u00e9ress\u00e9es [&hellip;]<\/p>\n","protected":false},"author":1,"featured_media":0,"parent":0,"menu_order":0,"comment_status":"closed","ping_status":"closed","template":"","meta":{"footnotes":""},"class_list":["post-2187","page","type-page","status-publish","hentry"],"_links":{"self":[{"href":"https:\/\/spk-gleisbau.ch\/fr\/wp-json\/wp\/v2\/pages\/2187","targetHints":{"allow":["GET"]}}],"collection":[{"href":"https:\/\/spk-gleisbau.ch\/fr\/wp-json\/wp\/v2\/pages"}],"about":[{"href":"https:\/\/spk-gleisbau.ch\/fr\/wp-json\/wp\/v2\/types\/page"}],"author":[{"embeddable":true,"href":"https:\/\/spk-gleisbau.ch\/fr\/wp-json\/wp\/v2\/users\/1"}],"replies":[{"embeddable":true,"href":"https:\/\/spk-gleisbau.ch\/fr\/wp-json\/wp\/v2\/comments?post=2187"}],"version-history":[{"count":10,"href":"https:\/\/spk-gleisbau.ch\/fr\/wp-json\/wp\/v2\/pages\/2187\/revisions"}],"predecessor-version":[{"id":3432,"href":"https:\/\/spk-gleisbau.ch\/fr\/wp-json\/wp\/v2\/pages\/2187\/revisions\/3432"}],"wp:attachment":[{"href":"https:\/\/spk-gleisbau.ch\/fr\/wp-json\/wp\/v2\/media?parent=2187"}],"curies":[{"name":"wp","href":"https:\/\/api.w.org\/{rel}","templated":true}]}}